{"id":13,"date":"2025-09-21T19:34:14","date_gmt":"2025-09-21T19:34:14","guid":{"rendered":"https:\/\/salmon-stingray-518096.hostingersite.com\/?page_id=13"},"modified":"2025-12-16T18:26:35","modified_gmt":"2025-12-16T18:26:35","slug":"construccions-i-reformes-a-lemporda","status":"publish","type":"page","link":"https:\/\/vilaicaba.com\/","title":{"rendered":"inici"},"content":{"rendered":"\t\t<div data-elementor-type=\"wp-page\" data-elementor-id=\"13\" class=\"elementor elementor-13\" data-elementor-post-type=\"page\">\n\t\t\t\t<div class=\"elementor-element elementor-element-091ccf5 e-flex e-con-boxed e-con e-parent\" data-id=\"091ccf5\" data-element_type=\"container\" data-settings=\"{&quot;background_background&quot;:&quot;classic&quot;}\">\n\t\t\t\t\t<div class=\"e-con-inner\">\n\t\t\t\t<div class=\"elementor-element elementor-element-5cb0e98 elementor-widget__width-initial elementor-widget-mobile__width-inherit elementor-widget elementor-widget-heading\" data-id=\"5cb0e98\" data-element_type=\"widget\" data-widget_type=\"heading.default\">\n\t\t\t\t\t<h1 class=\"elementor-heading-title elementor-size-default\">Construccions i reformes a L\u2019Empord\u00e0: qualitat i proximitat<\/h1>\t\t\t\t<\/div>\n\t\t\t\t\t<\/div>\n\t\t\t\t<\/div>\n\t\t<div class=\"elementor-element elementor-element-d45045c e-con-full e-flex e-con e-parent\" data-id=\"d45045c\" data-element_type=\"container\" data-settings=\"{&quot;background_background&quot;:&quot;classic&quot;}\">\n\t\t<div class=\"elementor-element elementor-element-ffe6a92 e-con-full e-flex e-con e-child\" data-id=\"ffe6a92\" data-element_type=\"container\">\n\t\t\t\t<div class=\"elementor-element elementor-element-a721295 elementor-widget__width-initial elementor-widget elementor-widget-image\" data-id=\"a721295\" data-element_type=\"widget\" data-widget_type=\"image.default\">\n\t\t\t\t\t\t\t\t\t\t\t\t\t\t\t\t<a href=\"https:\/\/vilaicaba.com\/wp-content\/uploads\/2025\/11\/vila-i-caba-1-2.jpg\" data-elementor-open-lightbox=\"yes\" data-elementor-lightbox-title=\"vila i caba\" data-e-action-hash=\"#elementor-action%3Aaction%3Dlightbox%26settings%3DeyJpZCI6NDkyLCJ1cmwiOiJodHRwczpcL1wvdmlsYWljYWJhLmNvbVwvd3AtY29udGVudFwvdXBsb2Fkc1wvMjAyNVwvMTFcL3ZpbGEtaS1jYWJhLTEtMi5qcGcifQ%3D%3D\">\n\t\t\t\t\t\t\t<img fetchpriority=\"high\" decoding=\"async\" width=\"1777\" height=\"1552\" src=\"https:\/\/vilaicaba.com\/wp-content\/uploads\/2025\/11\/vila-i-caba-1-2.jpg\" class=\"attachment-full size-full wp-image-492\" alt=\"\" srcset=\"https:\/\/vilaicaba.com\/wp-content\/uploads\/2025\/11\/vila-i-caba-1-2.jpg 1777w, https:\/\/vilaicaba.com\/wp-content\/uploads\/2025\/11\/vila-i-caba-1-2-300x262.jpg 300w, https:\/\/vilaicaba.com\/wp-content\/uploads\/2025\/11\/vila-i-caba-1-2-1024x894.jpg 1024w, https:\/\/vilaicaba.com\/wp-content\/uploads\/2025\/11\/vila-i-caba-1-2-768x671.jpg 768w, https:\/\/vilaicaba.com\/wp-content\/uploads\/2025\/11\/vila-i-caba-1-2-1536x1342.jpg 1536w\" sizes=\"(max-width: 1777px) 100vw, 1777px\" \/>\t\t\t\t\t\t\t\t<\/a>\n\t\t\t\t\t\t\t\t\t\t\t\t\t\t\t<\/div>\n\t\t\t\t<\/div>\n\t\t<div class=\"elementor-element elementor-element-eb3831f e-con-full e-flex e-con e-child\" data-id=\"eb3831f\" data-element_type=\"container\">\n\t\t\t\t<div class=\"elementor-element elementor-element-f1fa6fb elementor-widget__width-initial elementor-widget-mobile__width-inherit elementor-widget elementor-widget-heading\" data-id=\"f1fa6fb\" data-element_type=\"widget\" data-widget_type=\"heading.default\">\n\t\t\t\t\t<h2 class=\"elementor-heading-title elementor-size-default\">LA TRANQUIL\u00b7LITAT\nNO ES CONSTRUEIX\nSOLA<\/h2>\t\t\t\t<\/div>\n\t\t\t\t<div class=\"elementor-element elementor-element-e1c097d elementor-widget elementor-widget-text-editor\" data-id=\"e1c097d\" data-element_type=\"widget\" data-widget_type=\"text-editor.default\">\n\t\t\t\t\t\t\t\t\t<p data-start=\"293\" data-end=\"500\">Fer una reforma o construir una casa no hauria de ser un maldecap. Tot i aix\u00f2, massa sovint es converteix en un proc\u00e9s complicat: retards, sobrecostos, operaris que desapareixen i acabats de poca qualitat.<\/p><p data-start=\"502\" data-end=\"784\">A Vila i Caba treballem diferent. Som una empresa de construccions i reformes a L\u2019Empord\u00e0 que aposta per la feina ben feta, el tracte directe i la proximitat amb cada client. El nostre comprom\u00eds \u00e9s oferir tranquil\u00b7litat i confian\u00e7a, garantint obres sense sorpreses ni excuses.<\/p><p data-start=\"786\" data-end=\"1148\">Amb m\u00e9s de tres d\u00e8cades d\u2019experi\u00e8ncia, ens hem consolidat com a referent a l\u2019Alt Empord\u00e0 gr\u00e0cies a la nostra manera de treballar: poques obres alhora, acabats impecables i un seguiment constant de cada detall. Aquesta filosofia ens permet lliurar resultats de qualitat i consolidar la satisfacci\u00f3 dels nostres clients en cada projecte de construcci\u00f3 o reforma.<\/p>\t\t\t\t\t\t\t\t<\/div>\n\t\t\t\t<\/div>\n\t\t\t\t<\/div>\n\t\t<div class=\"elementor-element elementor-element-a3b201f e-con-full e-flex e-con e-parent\" data-id=\"a3b201f\" data-element_type=\"container\">\n\t\t<div class=\"elementor-element elementor-element-59e12c8 e-con-full e-flex e-con e-child\" data-id=\"59e12c8\" data-element_type=\"container\">\n\t\t\t\t<div class=\"elementor-element elementor-element-366572c elementor-widget__width-initial elementor-widget-mobile__width-inherit elementor-widget elementor-widget-heading\" data-id=\"366572c\" data-element_type=\"widget\" data-widget_type=\"heading.default\">\n\t\t\t\t\t<h2 class=\"elementor-heading-title elementor-size-default\">VILA I CABA EMPRESA DE CONSTRUCCI\u00d3 I REFORMES<\/h2>\t\t\t\t<\/div>\n\t\t\t\t<div class=\"elementor-element elementor-element-dd8a82b elementor-widget elementor-widget-text-editor\" data-id=\"dd8a82b\" data-element_type=\"widget\" data-widget_type=\"text-editor.default\">\n\t\t\t\t\t\t\t\t\t<p data-start=\"277\" data-end=\"572\">Amb m\u00e9s de 30 anys d\u2019ofici, ens hem consolidat com a empresa de construcci\u00f3 i reformes a L\u2019Empord\u00e0 especialitzada en la rehabilitaci\u00f3 de masies i habitatges unifamiliars. El nostre objectiu \u00e9s preservar el patrimoni arquitect\u00f2nic de la regi\u00f3 i adaptar cada espai a les necessitats actuals.<\/p><p data-start=\"574\" data-end=\"856\">Al llarg dels anys hem dut a terme projectes de tota mena, des de petites reformes fins a rehabilitacions integrals, sempre amb qualitat i atenci\u00f3 als detalls. El nostre m\u00e8tode combina t\u00e8cniques tradicionals i innovadores per aconseguir obres sostenibles, funcionals i est\u00e8tiques.<\/p><p data-start=\"858\" data-end=\"1190\">Com a empresa de construcci\u00f3 i reformes a L\u2019Empord\u00e0, treballem amb proximitat i assessorament personalitzat en cada etapa. Apostem per materials responsables i solucions eficients que garanteixen resultats duradors. Aix\u00ed, Vila i Caba \u00e9s avui un referent per a aquells que busquen confian\u00e7a i professionalitat en cada projecte.<\/p>\t\t\t\t\t\t\t\t<\/div>\n\t\t\t\t<\/div>\n\t\t<div class=\"elementor-element elementor-element-c93d486 e-con-full e-flex e-con e-child\" data-id=\"c93d486\" data-element_type=\"container\">\n\t\t\t\t<div class=\"elementor-element elementor-element-e2fc260 elementor-widget elementor-widget-spacer\" data-id=\"e2fc260\" data-element_type=\"widget\" data-widget_type=\"spacer.default\">\n\t\t\t\t\t\t\t<div class=\"elementor-spacer\">\n\t\t\t<div class=\"elementor-spacer-inner\"><\/div>\n\t\t<\/div>\n\t\t\t\t\t\t<\/div>\n\t\t\t\t<\/div>\n\t\t\t\t<\/div>\n\t\t<div class=\"elementor-element elementor-element-45a87f2 e-con-full e-flex e-con e-parent\" data-id=\"45a87f2\" data-element_type=\"container\" data-settings=\"{&quot;background_background&quot;:&quot;classic&quot;}\">\n\t\t<div class=\"elementor-element elementor-element-ba09b50 e-con-full e-flex e-con e-child\" data-id=\"ba09b50\" data-element_type=\"container\">\n\t\t<div class=\"elementor-element elementor-element-c3fb19d e-con-full e-flex e-con e-child\" data-id=\"c3fb19d\" data-element_type=\"container\">\n\t\t<div class=\"elementor-element elementor-element-ec0155f e-con-full e-flex e-con e-child\" data-id=\"ec0155f\" data-element_type=\"container\">\n\t\t\t\t<div class=\"elementor-element elementor-element-7bf14ef elementor-hidden-mobile elementor-widget elementor-widget-image\" data-id=\"7bf14ef\" data-element_type=\"widget\" data-widget_type=\"image.default\">\n\t\t\t\t\t\t\t\t\t\t\t\t\t\t\t<img decoding=\"async\" width=\"584\" height=\"1024\" src=\"https:\/\/vilaicaba.com\/wp-content\/uploads\/2025\/10\/Vila-i-caba--scaled-e1761923864289-584x1024.jpeg\" class=\"attachment-large size-large wp-image-257\" alt=\"\" srcset=\"https:\/\/vilaicaba.com\/wp-content\/uploads\/2025\/10\/Vila-i-caba--scaled-e1761923864289-584x1024.jpeg 584w, https:\/\/vilaicaba.com\/wp-content\/uploads\/2025\/10\/Vila-i-caba--scaled-e1761923864289-171x300.jpeg 171w, https:\/\/vilaicaba.com\/wp-content\/uploads\/2025\/10\/Vila-i-caba--scaled-e1761923864289-768x1347.jpeg 768w, https:\/\/vilaicaba.com\/wp-content\/uploads\/2025\/10\/Vila-i-caba--scaled-e1761923864289-876x1536.jpeg 876w, https:\/\/vilaicaba.com\/wp-content\/uploads\/2025\/10\/Vila-i-caba--scaled-e1761923864289-1168x2048.jpeg 1168w, https:\/\/vilaicaba.com\/wp-content\/uploads\/2025\/10\/Vila-i-caba--scaled-e1761923864289.jpeg 1460w\" sizes=\"(max-width: 584px) 100vw, 584px\" \/>\t\t\t\t\t\t\t\t\t\t\t\t\t\t\t<\/div>\n\t\t\t\t<\/div>\n\t\t<div class=\"elementor-element elementor-element-314f14d e-con-full e-flex e-con e-child\" data-id=\"314f14d\" data-element_type=\"container\">\n\t\t\t\t<div class=\"elementor-element elementor-element-a1acef0 elementor-hidden-mobile elementor-widget elementor-widget-image\" data-id=\"a1acef0\" data-element_type=\"widget\" data-widget_type=\"image.default\">\n\t\t\t\t\t\t\t\t\t\t\t\t\t\t\t<img decoding=\"async\" width=\"584\" height=\"1024\" src=\"https:\/\/vilaicaba.com\/wp-content\/uploads\/2025\/10\/frmacio-Vila-i-Caba-scaled-e1761923826976-584x1024.jpeg\" class=\"attachment-large size-large wp-image-258\" alt=\"\" srcset=\"https:\/\/vilaicaba.com\/wp-content\/uploads\/2025\/10\/frmacio-Vila-i-Caba-scaled-e1761923826976-584x1024.jpeg 584w, https:\/\/vilaicaba.com\/wp-content\/uploads\/2025\/10\/frmacio-Vila-i-Caba-scaled-e1761923826976-171x300.jpeg 171w, https:\/\/vilaicaba.com\/wp-content\/uploads\/2025\/10\/frmacio-Vila-i-Caba-scaled-e1761923826976-768x1347.jpeg 768w, https:\/\/vilaicaba.com\/wp-content\/uploads\/2025\/10\/frmacio-Vila-i-Caba-scaled-e1761923826976-876x1536.jpeg 876w, https:\/\/vilaicaba.com\/wp-content\/uploads\/2025\/10\/frmacio-Vila-i-Caba-scaled-e1761923826976-1168x2048.jpeg 1168w, https:\/\/vilaicaba.com\/wp-content\/uploads\/2025\/10\/frmacio-Vila-i-Caba-scaled-e1761923826976.jpeg 1460w\" sizes=\"(max-width: 584px) 100vw, 584px\" \/>\t\t\t\t\t\t\t\t\t\t\t\t\t\t\t<\/div>\n\t\t\t\t<\/div>\n\t\t\t\t<\/div>\n\t\t\t\t<\/div>\n\t\t<div class=\"elementor-element elementor-element-5e45e75 e-con-full e-flex e-con e-child\" data-id=\"5e45e75\" data-element_type=\"container\">\n\t\t\t\t<div class=\"elementor-element elementor-element-ad2a5d6 elementor-widget__width-initial elementor-widget-mobile__width-inherit elementor-widget elementor-widget-heading\" data-id=\"ad2a5d6\" data-element_type=\"widget\" data-widget_type=\"heading.default\">\n\t\t\t\t\t<h2 class=\"elementor-heading-title elementor-size-default\">Un equip de professionals altament qualificats<\/h2>\t\t\t\t<\/div>\n\t\t\t\t<div class=\"elementor-element elementor-element-913ce4c elementor-widget elementor-widget-text-editor\" data-id=\"913ce4c\" data-element_type=\"widget\" data-widget_type=\"text-editor.default\">\n\t\t\t\t\t\t\t\t\t<p data-start=\"317\" data-end=\"625\">L\u2019equip de Vila i Caba est\u00e0 format per professionals amb experi\u00e8ncia i passi\u00f3 per la construcci\u00f3. La seva traject\u00f2ria ens aporta els coneixements necessaris per a tot tipus de construccions i reformes a L\u2019Empord\u00e0, des de restaurar una volta catalana fins a crear un bany amb les t\u00e8cniques m\u00e9s modernes.<\/p><p data-start=\"627\" data-end=\"1097\">Cada membre combina habilitat i responsabilitat per garantir que cada projecte s\u2019executi amb precisi\u00f3 i acabats impecables. Aquesta diversitat de talents ens permet abordar qualsevol repte constructiu amb confian\u00e7a i assegurar la qualitat en totes les obres que realitzem a l\u2019Empord\u00e0. El nostre objectiu \u00e9s superar les expectatives dels clients i consolidar la confian\u00e7a que ens ha fet cr\u00e9ixer com a referent en el sector de la construcci\u00f3 i les reformes a la comarca.<\/p>\t\t\t\t\t\t\t\t<\/div>\n\t\t\t\t<\/div>\n\t\t\t\t<\/div>\n\t\t\t\t<\/div>\n\t\t","protected":false},"excerpt":{"rendered":"<p>Construccions i reformes a L\u2019Empord\u00e0: qualitat i proximitat LA TRANQUIL\u00b7LITAT NO ES CONSTRUEIX SOLA Fer una reforma o construir una casa no hauria de ser un maldecap. Tot i aix\u00f2, massa sovint es converteix en un proc\u00e9s complicat: retards, sobrecostos, operaris que desapareixen i acabats de poca qualitat. A Vila i Caba treballem diferent. Som [&hellip;]<\/p>\n","protected":false},"author":1,"featured_media":0,"parent":0,"menu_order":0,"comment_status":"closed","ping_status":"closed","template":"","meta":{"_joinchat":[],"footnotes":""},"class_list":["post-13","page","type-page","status-publish","hentry"],"yoast_head":"<!-- This site is optimized with the Yoast SEO plugin v26.6 - https:\/\/yoast.com\/wordpress\/plugins\/seo\/ -->\n<title>Construccions i reformes a L\u2019Empord\u00e0 \u2013 Vila i Caba<\/title>\n<meta name=\"description\" content=\"Construccions i reformes a L\u2019Empord\u00e0 amb equip local, acabats de qualitat i gesti\u00f3 integral d\u2019obra. Pressupost r\u00e0pid i obres en termini.\" \/>\n<meta name=\"robots\" content=\"index, follow, max-snippet:-1, max-image-preview:large, max-video-preview:-1\" \/>\n<link rel=\"canonical\" href=\"https:\/\/vilaicaba.com\/\" \/>\n<meta property=\"og:locale\" content=\"es_ES\" \/>\n<meta property=\"og:type\" content=\"article\" \/>\n<meta property=\"og:title\" content=\"Construccions i reformes a L\u2019Empord\u00e0 \u2013 Vila i Caba\" \/>\n<meta property=\"og:description\" content=\"Construccions i reformes a L\u2019Empord\u00e0 amb equip local, acabats de qualitat i gesti\u00f3 integral d\u2019obra. Pressupost r\u00e0pid i obres en termini.\" \/>\n<meta property=\"og:url\" content=\"https:\/\/vilaicaba.com\/\" \/>\n<meta property=\"og:site_name\" content=\"Construccions Vila i Caba\" \/>\n<meta property=\"article:modified_time\" content=\"2025-12-16T18:26:35+00:00\" \/>\n<meta property=\"og:image\" content=\"https:\/\/vilaicaba.com\/wp-content\/uploads\/2025\/11\/vila-i-caba-1-2.jpg\" \/>\n<meta name=\"twitter:card\" content=\"summary_large_image\" \/>\n<meta name=\"twitter:label1\" content=\"Tiempo de lectura\" \/>\n\t<meta name=\"twitter:data1\" content=\"3 minutos\" \/>\n<script type=\"application\/ld+json\" class=\"yoast-schema-graph\">{\"@context\":\"https:\/\/schema.org\",\"@graph\":[{\"@type\":\"WebPage\",\"@id\":\"https:\/\/vilaicaba.com\/\",\"url\":\"https:\/\/vilaicaba.com\/\",\"name\":\"Construccions i reformes a L\u2019Empord\u00e0 \u2013 Vila i Caba\",\"isPartOf\":{\"@id\":\"https:\/\/vilaicaba.com\/#website\"},\"primaryImageOfPage\":{\"@id\":\"https:\/\/vilaicaba.com\/#primaryimage\"},\"image\":{\"@id\":\"https:\/\/vilaicaba.com\/#primaryimage\"},\"thumbnailUrl\":\"https:\/\/vilaicaba.com\/wp-content\/uploads\/2025\/11\/vila-i-caba-1-2.jpg\",\"datePublished\":\"2025-09-21T19:34:14+00:00\",\"dateModified\":\"2025-12-16T18:26:35+00:00\",\"description\":\"Construccions i reformes a L\u2019Empord\u00e0 amb equip local, acabats de qualitat i gesti\u00f3 integral d\u2019obra. Pressupost r\u00e0pid i obres en termini.\",\"breadcrumb\":{\"@id\":\"https:\/\/vilaicaba.com\/#breadcrumb\"},\"inLanguage\":\"es\",\"potentialAction\":[{\"@type\":\"ReadAction\",\"target\":[\"https:\/\/vilaicaba.com\/\"]}]},{\"@type\":\"ImageObject\",\"inLanguage\":\"es\",\"@id\":\"https:\/\/vilaicaba.com\/#primaryimage\",\"url\":\"https:\/\/vilaicaba.com\/wp-content\/uploads\/2025\/11\/vila-i-caba-1-2.jpg\",\"contentUrl\":\"https:\/\/vilaicaba.com\/wp-content\/uploads\/2025\/11\/vila-i-caba-1-2.jpg\"},{\"@type\":\"BreadcrumbList\",\"@id\":\"https:\/\/vilaicaba.com\/#breadcrumb\",\"itemListElement\":[{\"@type\":\"ListItem\",\"position\":1,\"name\":\"Portada\",\"item\":\"https:\/\/vilaicaba.com\/\"},{\"@type\":\"ListItem\",\"position\":2,\"name\":\"inici\"}]},{\"@type\":\"WebSite\",\"@id\":\"https:\/\/vilaicaba.com\/#website\",\"url\":\"https:\/\/vilaicaba.com\/\",\"name\":\"Construccions Vila i Caba\",\"description\":\"\",\"potentialAction\":[{\"@type\":\"SearchAction\",\"target\":{\"@type\":\"EntryPoint\",\"urlTemplate\":\"https:\/\/vilaicaba.com\/?s={search_term_string}\"},\"query-input\":{\"@type\":\"PropertyValueSpecification\",\"valueRequired\":true,\"valueName\":\"search_term_string\"}}],\"inLanguage\":\"es\"}]}<\/script>\n<!-- \/ Yoast SEO plugin. -->","yoast_head_json":{"title":"Construccions i reformes a L\u2019Empord\u00e0 \u2013 Vila i Caba","description":"Construccions i reformes a L\u2019Empord\u00e0 amb equip local, acabats de qualitat i gesti\u00f3 integral d\u2019obra. Pressupost r\u00e0pid i obres en termini.","robots":{"index":"index","follow":"follow","max-snippet":"max-snippet:-1","max-image-preview":"max-image-preview:large","max-video-preview":"max-video-preview:-1"},"canonical":"https:\/\/vilaicaba.com\/","og_locale":"es_ES","og_type":"article","og_title":"Construccions i reformes a L\u2019Empord\u00e0 \u2013 Vila i Caba","og_description":"Construccions i reformes a L\u2019Empord\u00e0 amb equip local, acabats de qualitat i gesti\u00f3 integral d\u2019obra. Pressupost r\u00e0pid i obres en termini.","og_url":"https:\/\/vilaicaba.com\/","og_site_name":"Construccions Vila i Caba","article_modified_time":"2025-12-16T18:26:35+00:00","og_image":[{"url":"https:\/\/vilaicaba.com\/wp-content\/uploads\/2025\/11\/vila-i-caba-1-2.jpg","type":"","width":"","height":""}],"twitter_card":"summary_large_image","twitter_misc":{"Tiempo de lectura":"3 minutos"},"schema":{"@context":"https:\/\/schema.org","@graph":[{"@type":"WebPage","@id":"https:\/\/vilaicaba.com\/","url":"https:\/\/vilaicaba.com\/","name":"Construccions i reformes a L\u2019Empord\u00e0 \u2013 Vila i Caba","isPartOf":{"@id":"https:\/\/vilaicaba.com\/#website"},"primaryImageOfPage":{"@id":"https:\/\/vilaicaba.com\/#primaryimage"},"image":{"@id":"https:\/\/vilaicaba.com\/#primaryimage"},"thumbnailUrl":"https:\/\/vilaicaba.com\/wp-content\/uploads\/2025\/11\/vila-i-caba-1-2.jpg","datePublished":"2025-09-21T19:34:14+00:00","dateModified":"2025-12-16T18:26:35+00:00","description":"Construccions i reformes a L\u2019Empord\u00e0 amb equip local, acabats de qualitat i gesti\u00f3 integral d\u2019obra. Pressupost r\u00e0pid i obres en termini.","breadcrumb":{"@id":"https:\/\/vilaicaba.com\/#breadcrumb"},"inLanguage":"es","potentialAction":[{"@type":"ReadAction","target":["https:\/\/vilaicaba.com\/"]}]},{"@type":"ImageObject","inLanguage":"es","@id":"https:\/\/vilaicaba.com\/#primaryimage","url":"https:\/\/vilaicaba.com\/wp-content\/uploads\/2025\/11\/vila-i-caba-1-2.jpg","contentUrl":"https:\/\/vilaicaba.com\/wp-content\/uploads\/2025\/11\/vila-i-caba-1-2.jpg"},{"@type":"BreadcrumbList","@id":"https:\/\/vilaicaba.com\/#breadcrumb","itemListElement":[{"@type":"ListItem","position":1,"name":"Portada","item":"https:\/\/vilaicaba.com\/"},{"@type":"ListItem","position":2,"name":"inici"}]},{"@type":"WebSite","@id":"https:\/\/vilaicaba.com\/#website","url":"https:\/\/vilaicaba.com\/","name":"Construccions Vila i Caba","description":"","potentialAction":[{"@type":"SearchAction","target":{"@type":"EntryPoint","urlTemplate":"https:\/\/vilaicaba.com\/?s={search_term_string}"},"query-input":{"@type":"PropertyValueSpecification","valueRequired":true,"valueName":"search_term_string"}}],"inLanguage":"es"}]}},"_hostinger_reach_plugin_has_subscription_block":false,"_hostinger_reach_plugin_is_elementor":false,"_links":{"self":[{"href":"https:\/\/vilaicaba.com\/index.php\/wp-json\/wp\/v2\/pages\/13","targetHints":{"allow":["GET"]}}],"collection":[{"href":"https:\/\/vilaicaba.com\/index.php\/wp-json\/wp\/v2\/pages"}],"about":[{"href":"https:\/\/vilaicaba.com\/index.php\/wp-json\/wp\/v2\/types\/page"}],"author":[{"embeddable":true,"href":"https:\/\/vilaicaba.com\/index.php\/wp-json\/wp\/v2\/users\/1"}],"replies":[{"embeddable":true,"href":"https:\/\/vilaicaba.com\/index.php\/wp-json\/wp\/v2\/comments?post=13"}],"version-history":[{"count":245,"href":"https:\/\/vilaicaba.com\/index.php\/wp-json\/wp\/v2\/pages\/13\/revisions"}],"predecessor-version":[{"id":523,"href":"https:\/\/vilaicaba.com\/index.php\/wp-json\/wp\/v2\/pages\/13\/revisions\/523"}],"wp:attachment":[{"href":"https:\/\/vilaicaba.com\/index.php\/wp-json\/wp\/v2\/media?parent=13"}],"curies":[{"name":"wp","href":"https:\/\/api.w.org\/{rel}","templated":true}]}}