{"id":559,"date":"2025-12-16T18:08:30","date_gmt":"2025-12-16T18:08:30","guid":{"rendered":"https:\/\/vilaicaba.com\/?page_id=559"},"modified":"2025-12-16T18:12:57","modified_gmt":"2025-12-16T18:12:57","slug":"home-fr","status":"publish","type":"page","link":"https:\/\/vilaicaba.com\/index.php\/fr\/home-fr\/","title":{"rendered":"Home"},"content":{"rendered":"\t\t<div data-elementor-type=\"wp-page\" data-elementor-id=\"559\" class=\"elementor elementor-559\" data-elementor-post-type=\"page\">\n\t\t\t\t<div class=\"elementor-element elementor-element-091ccf5 e-flex e-con-boxed e-con e-parent\" data-id=\"091ccf5\" data-element_type=\"container\" data-settings=\"{&quot;background_background&quot;:&quot;classic&quot;}\">\n\t\t\t\t\t<div class=\"e-con-inner\">\n\t\t\t\t<div class=\"elementor-element elementor-element-5cb0e98 elementor-widget__width-initial elementor-widget-mobile__width-inherit elementor-widget elementor-widget-heading\" data-id=\"5cb0e98\" data-element_type=\"widget\" data-widget_type=\"heading.default\">\n\t\t\t\t\t<h1 class=\"elementor-heading-title elementor-size-default\">Constructions et r\u00e9novations dans l'Empord\u00e0 : qualit\u00e9 et proximit\u00e9\n<\/h1>\t\t\t\t<\/div>\n\t\t\t\t\t<\/div>\n\t\t\t\t<\/div>\n\t\t<div class=\"elementor-element elementor-element-d45045c e-con-full e-flex e-con e-parent\" data-id=\"d45045c\" data-element_type=\"container\" data-settings=\"{&quot;background_background&quot;:&quot;classic&quot;}\">\n\t\t<div class=\"elementor-element elementor-element-ffe6a92 e-con-full e-flex e-con e-child\" data-id=\"ffe6a92\" data-element_type=\"container\">\n\t\t\t\t<div class=\"elementor-element elementor-element-a721295 elementor-widget__width-initial elementor-widget elementor-widget-image\" data-id=\"a721295\" data-element_type=\"widget\" data-widget_type=\"image.default\">\n\t\t\t\t\t\t\t\t\t\t\t\t\t\t\t\t<a href=\"https:\/\/vilaicaba.com\/wp-content\/uploads\/2025\/11\/vila-i-caba-1-2.jpg\" data-elementor-open-lightbox=\"yes\" data-elementor-lightbox-title=\"vila i caba\" data-e-action-hash=\"#elementor-action%3Aaction%3Dlightbox%26settings%3DeyJpZCI6NDkyLCJ1cmwiOiJodHRwczpcL1wvdmlsYWljYWJhLmNvbVwvd3AtY29udGVudFwvdXBsb2Fkc1wvMjAyNVwvMTFcL3ZpbGEtaS1jYWJhLTEtMi5qcGcifQ%3D%3D\">\n\t\t\t\t\t\t\t<img fetchpriority=\"high\" decoding=\"async\" width=\"1777\" height=\"1552\" src=\"https:\/\/vilaicaba.com\/wp-content\/uploads\/2025\/11\/vila-i-caba-1-2.jpg\" class=\"attachment-full size-full wp-image-492\" alt=\"\" srcset=\"https:\/\/vilaicaba.com\/wp-content\/uploads\/2025\/11\/vila-i-caba-1-2.jpg 1777w, https:\/\/vilaicaba.com\/wp-content\/uploads\/2025\/11\/vila-i-caba-1-2-300x262.jpg 300w, https:\/\/vilaicaba.com\/wp-content\/uploads\/2025\/11\/vila-i-caba-1-2-1024x894.jpg 1024w, https:\/\/vilaicaba.com\/wp-content\/uploads\/2025\/11\/vila-i-caba-1-2-768x671.jpg 768w, https:\/\/vilaicaba.com\/wp-content\/uploads\/2025\/11\/vila-i-caba-1-2-1536x1342.jpg 1536w\" sizes=\"(max-width: 1777px) 100vw, 1777px\" \/>\t\t\t\t\t\t\t\t<\/a>\n\t\t\t\t\t\t\t\t\t\t\t\t\t\t\t<\/div>\n\t\t\t\t<\/div>\n\t\t<div class=\"elementor-element elementor-element-eb3831f e-con-full e-flex e-con e-child\" data-id=\"eb3831f\" data-element_type=\"container\">\n\t\t\t\t<div class=\"elementor-element elementor-element-f1fa6fb elementor-widget__width-initial elementor-widget-mobile__width-inherit elementor-widget elementor-widget-heading\" data-id=\"f1fa6fb\" data-element_type=\"widget\" data-widget_type=\"heading.default\">\n\t\t\t\t\t<h2 class=\"elementor-heading-title elementor-size-default\">LA PAIX NE SE CONSTRUIT PAS SEUL\n<\/h2>\t\t\t\t<\/div>\n\t\t\t\t<div class=\"elementor-element elementor-element-e1c097d elementor-widget elementor-widget-text-editor\" data-id=\"e1c097d\" data-element_type=\"widget\" data-widget_type=\"text-editor.default\">\n\t\t\t\t\t\t\t\t\t<p>R\u00e9nover ou construire une maison ne devrait pas \u00eatre un casse-t\u00eate. Pourtant, trop souvent, cela se transforme en un processus complexe : retards, d\u00e9passements de budget, ouvriers absents et finitions de pi\u00e8tre qualit\u00e9.<\/p><p>Chez Vila i Caba, nous travaillons diff\u00e9remment. Entreprise de construction et de r\u00e9novation bas\u00e9e dans l&#8217;Empord\u00e0, nous privil\u00e9gions un travail bien fait, un contact direct et une grande proximit\u00e9 avec chaque client. Notre engagement : vous offrir s\u00e9r\u00e9nit\u00e9 et confiance, avec des travaux r\u00e9alis\u00e9s sans mauvaises surprises ni excuses.<\/p><p>Forts de plus de trente ans d&#8217;exp\u00e9rience, nous nous sommes impos\u00e9s comme une r\u00e9f\u00e9rence dans l&#8217;Alt Empord\u00e0 gr\u00e2ce \u00e0 notre m\u00e9thode de travail : un nombre restreint de chantiers \u00e0 la fois, des finitions impeccables et un suivi constant du moindre d\u00e9tail. Cette philosophie nous permet de garantir des r\u00e9sultats de qualit\u00e9 et de consolider la satisfaction de nos clients pour chaque projet de construction ou de r\u00e9novation.<\/p><p>\u00a0<\/p>\t\t\t\t\t\t\t\t<\/div>\n\t\t\t\t<\/div>\n\t\t\t\t<\/div>\n\t\t<div class=\"elementor-element elementor-element-a3b201f e-con-full e-flex e-con e-parent\" data-id=\"a3b201f\" data-element_type=\"container\">\n\t\t<div class=\"elementor-element elementor-element-59e12c8 e-con-full e-flex e-con e-child\" data-id=\"59e12c8\" data-element_type=\"container\">\n\t\t\t\t<div class=\"elementor-element elementor-element-366572c elementor-widget__width-initial elementor-widget-mobile__width-inherit elementor-widget elementor-widget-heading\" data-id=\"366572c\" data-element_type=\"widget\" data-widget_type=\"heading.default\">\n\t\t\t\t\t<h2 class=\"elementor-heading-title elementor-size-default\">ENTREPRISE DE CONSTRUCTION ET DE R\u00c9NOVATION VILA I CABA\n<\/h2>\t\t\t\t<\/div>\n\t\t\t\t<div class=\"elementor-element elementor-element-dd8a82b elementor-widget elementor-widget-text-editor\" data-id=\"dd8a82b\" data-element_type=\"widget\" data-widget_type=\"text-editor.default\">\n\t\t\t\t\t\t\t\t\t<p>Forts de plus de 30 ans d&#8217;exp\u00e9rience, nous sommes une entreprise de construction et de r\u00e9novation \u00e9tablie dans l&#8217;Empord\u00e0, sp\u00e9cialis\u00e9e dans la r\u00e9habilitation de fermes et de maisons individuelles. Notre objectif est de pr\u00e9server le patrimoine architectural de la r\u00e9gion et d&#8217;adapter chaque espace aux besoins actuels.<\/p><p>Au fil des ans, nous avons r\u00e9alis\u00e9 des projets de toutes sortes, des petites r\u00e9novations aux r\u00e9habilitations compl\u00e8tes, toujours avec un souci constant de la qualit\u00e9 et du d\u00e9tail. Notre m\u00e9thode allie techniques traditionnelles et innovantes pour obtenir des r\u00e9sultats durables, fonctionnels et esth\u00e9tiques.<\/p><p>Entreprise de construction et de r\u00e9novation bas\u00e9e dans l&#8217;Empord\u00e0, nous privil\u00e9gions la proximit\u00e9 et offrons un accompagnement personnalis\u00e9 \u00e0 chaque \u00e9tape. Nous nous engageons \u00e0 utiliser des mat\u00e9riaux responsables et des solutions performantes pour des r\u00e9sultats durables. C&#8217;est pourquoi Vila i Caba est aujourd&#8217;hui une r\u00e9f\u00e9rence pour ceux qui recherchent confiance et professionnalisme dans tous leurs projets.<\/p>\t\t\t\t\t\t\t\t<\/div>\n\t\t\t\t<\/div>\n\t\t<div class=\"elementor-element elementor-element-c93d486 e-con-full e-flex e-con e-child\" data-id=\"c93d486\" data-element_type=\"container\">\n\t\t\t\t<div class=\"elementor-element elementor-element-e2fc260 elementor-widget elementor-widget-spacer\" data-id=\"e2fc260\" data-element_type=\"widget\" data-widget_type=\"spacer.default\">\n\t\t\t\t\t\t\t<div class=\"elementor-spacer\">\n\t\t\t<div class=\"elementor-spacer-inner\"><\/div>\n\t\t<\/div>\n\t\t\t\t\t\t<\/div>\n\t\t\t\t<\/div>\n\t\t\t\t<\/div>\n\t\t<div class=\"elementor-element elementor-element-45a87f2 e-con-full e-flex e-con e-parent\" data-id=\"45a87f2\" data-element_type=\"container\" data-settings=\"{&quot;background_background&quot;:&quot;classic&quot;}\">\n\t\t<div class=\"elementor-element elementor-element-ba09b50 e-con-full e-flex e-con e-child\" data-id=\"ba09b50\" data-element_type=\"container\">\n\t\t<div class=\"elementor-element elementor-element-c3fb19d e-con-full e-flex e-con e-child\" data-id=\"c3fb19d\" data-element_type=\"container\">\n\t\t<div class=\"elementor-element elementor-element-ec0155f e-con-full e-flex e-con e-child\" data-id=\"ec0155f\" data-element_type=\"container\">\n\t\t\t\t<div class=\"elementor-element elementor-element-7bf14ef elementor-hidden-mobile elementor-widget elementor-widget-image\" data-id=\"7bf14ef\" data-element_type=\"widget\" data-widget_type=\"image.default\">\n\t\t\t\t\t\t\t\t\t\t\t\t\t\t\t<img decoding=\"async\" width=\"584\" height=\"1024\" src=\"https:\/\/vilaicaba.com\/wp-content\/uploads\/2025\/10\/Vila-i-caba--scaled-e1761923864289-584x1024.jpeg\" class=\"attachment-large size-large wp-image-257\" alt=\"\" srcset=\"https:\/\/vilaicaba.com\/wp-content\/uploads\/2025\/10\/Vila-i-caba--scaled-e1761923864289-584x1024.jpeg 584w, https:\/\/vilaicaba.com\/wp-content\/uploads\/2025\/10\/Vila-i-caba--scaled-e1761923864289-171x300.jpeg 171w, https:\/\/vilaicaba.com\/wp-content\/uploads\/2025\/10\/Vila-i-caba--scaled-e1761923864289-768x1347.jpeg 768w, https:\/\/vilaicaba.com\/wp-content\/uploads\/2025\/10\/Vila-i-caba--scaled-e1761923864289-876x1536.jpeg 876w, https:\/\/vilaicaba.com\/wp-content\/uploads\/2025\/10\/Vila-i-caba--scaled-e1761923864289-1168x2048.jpeg 1168w, https:\/\/vilaicaba.com\/wp-content\/uploads\/2025\/10\/Vila-i-caba--scaled-e1761923864289.jpeg 1460w\" sizes=\"(max-width: 584px) 100vw, 584px\" \/>\t\t\t\t\t\t\t\t\t\t\t\t\t\t\t<\/div>\n\t\t\t\t<\/div>\n\t\t<div class=\"elementor-element elementor-element-314f14d e-con-full e-flex e-con e-child\" data-id=\"314f14d\" data-element_type=\"container\">\n\t\t\t\t<div class=\"elementor-element elementor-element-a1acef0 elementor-hidden-mobile elementor-widget elementor-widget-image\" data-id=\"a1acef0\" data-element_type=\"widget\" data-widget_type=\"image.default\">\n\t\t\t\t\t\t\t\t\t\t\t\t\t\t\t<img decoding=\"async\" width=\"584\" height=\"1024\" src=\"https:\/\/vilaicaba.com\/wp-content\/uploads\/2025\/10\/frmacio-Vila-i-Caba-scaled-e1761923826976-584x1024.jpeg\" class=\"attachment-large size-large wp-image-258\" alt=\"\" srcset=\"https:\/\/vilaicaba.com\/wp-content\/uploads\/2025\/10\/frmacio-Vila-i-Caba-scaled-e1761923826976-584x1024.jpeg 584w, https:\/\/vilaicaba.com\/wp-content\/uploads\/2025\/10\/frmacio-Vila-i-Caba-scaled-e1761923826976-171x300.jpeg 171w, https:\/\/vilaicaba.com\/wp-content\/uploads\/2025\/10\/frmacio-Vila-i-Caba-scaled-e1761923826976-768x1347.jpeg 768w, https:\/\/vilaicaba.com\/wp-content\/uploads\/2025\/10\/frmacio-Vila-i-Caba-scaled-e1761923826976-876x1536.jpeg 876w, https:\/\/vilaicaba.com\/wp-content\/uploads\/2025\/10\/frmacio-Vila-i-Caba-scaled-e1761923826976-1168x2048.jpeg 1168w, https:\/\/vilaicaba.com\/wp-content\/uploads\/2025\/10\/frmacio-Vila-i-Caba-scaled-e1761923826976.jpeg 1460w\" sizes=\"(max-width: 584px) 100vw, 584px\" \/>\t\t\t\t\t\t\t\t\t\t\t\t\t\t\t<\/div>\n\t\t\t\t<\/div>\n\t\t\t\t<\/div>\n\t\t\t\t<\/div>\n\t\t<div class=\"elementor-element elementor-element-5e45e75 e-con-full e-flex e-con e-child\" data-id=\"5e45e75\" data-element_type=\"container\">\n\t\t\t\t<div class=\"elementor-element elementor-element-ad2a5d6 elementor-widget__width-initial elementor-widget-mobile__width-inherit elementor-widget elementor-widget-heading\" data-id=\"ad2a5d6\" data-element_type=\"widget\" data-widget_type=\"heading.default\">\n\t\t\t\t\t<h2 class=\"elementor-heading-title elementor-size-default\">Une \u00e9quipe de professionnels hautement qualifi\u00e9s\n<\/h2>\t\t\t\t<\/div>\n\t\t\t\t<div class=\"elementor-element elementor-element-913ce4c elementor-widget elementor-widget-text-editor\" data-id=\"913ce4c\" data-element_type=\"widget\" data-widget_type=\"text-editor.default\">\n\t\t\t\t\t\t\t\t\t<p>L&#8217;\u00e9quipe de Vila i Caba est compos\u00e9e de professionnels exp\u00e9riment\u00e9s et passionn\u00e9s par le b\u00e2timent. Leur savoir-faire nous permet de r\u00e9aliser tous types de travaux de construction et de r\u00e9novation dans l&#8217;Empord\u00e0, de la restauration d&#8217;une vo\u00fbte catalane \u00e0 la cr\u00e9ation d&#8217;une salle de bains aux techniques les plus modernes.<\/p><p>Chaque membre de notre \u00e9quipe allie comp\u00e9tences et responsabilit\u00e9 pour garantir une ex\u00e9cution pr\u00e9cise et des finitions impeccables pour chaque projet. Cette diversit\u00e9 de talents nous permet d&#8217;aborder avec assurance tous les d\u00e9fis de la construction et d&#8217;assurer la qualit\u00e9 de tous nos travaux en Empord\u00e0. Notre objectif est de d\u00e9passer les attentes de nos clients et de consolider la confiance qui a fait de nous une r\u00e9f\u00e9rence dans le secteur de la construction et de la r\u00e9novation dans la r\u00e9gion.<\/p><p>\u00a0<\/p>\t\t\t\t\t\t\t\t<\/div>\n\t\t\t\t<\/div>\n\t\t\t\t<\/div>\n\t\t\t\t<\/div>\n\t\t","protected":false},"excerpt":{"rendered":"<p>Constructions et r\u00e9novations dans l&#8217;Empord\u00e0 : qualit\u00e9 et proximit\u00e9 LA PAIX NE SE CONSTRUIT PAS SEUL R\u00e9nover ou construire une maison ne devrait pas \u00eatre un casse-t\u00eate. Pourtant, trop souvent, cela se transforme en un processus complexe : retards, d\u00e9passements de budget, ouvriers absents et finitions de pi\u00e8tre qualit\u00e9. Chez Vila i Caba, nous travaillons [&hellip;]<\/p>\n","protected":false},"author":1,"featured_media":0,"parent":0,"menu_order":0,"comment_status":"closed","ping_status":"closed","template":"","meta":{"_joinchat":[],"footnotes":""},"class_list":["post-559","page","type-page","status-publish","hentry"],"yoast_head":"<!-- This site is optimized with the Yoast SEO plugin v26.6 - https:\/\/yoast.com\/wordpress\/plugins\/seo\/ -->\n<title>Constructions et r\u00e9novations dans l&#039;Empord\u00e0 : qualit\u00e9 et proximit\u00e9<\/title>\n<meta name=\"description\" content=\"Entreprise de construction et de r\u00e9novation bas\u00e9e dans l&#039;Empord\u00e0, nous privil\u00e9gions un travail bien fait, un contact direct\" \/>\n<meta name=\"robots\" content=\"index, follow, max-snippet:-1, max-image-preview:large, max-video-preview:-1\" \/>\n<link rel=\"canonical\" href=\"https:\/\/vilaicaba.com\/index.php\/fr\/home-fr\/\" \/>\n<meta property=\"og:locale\" content=\"es_ES\" \/>\n<meta property=\"og:type\" content=\"article\" \/>\n<meta property=\"og:title\" content=\"Constructions et r\u00e9novations dans l&#039;Empord\u00e0 : qualit\u00e9 et proximit\u00e9\" \/>\n<meta property=\"og:description\" content=\"Entreprise de construction et de r\u00e9novation bas\u00e9e dans l&#039;Empord\u00e0, nous privil\u00e9gions un travail bien fait, un contact direct\" \/>\n<meta property=\"og:url\" content=\"https:\/\/vilaicaba.com\/index.php\/fr\/home-fr\/\" \/>\n<meta property=\"og:site_name\" content=\"Construccions Vila i Caba\" \/>\n<meta property=\"article:modified_time\" content=\"2025-12-16T18:12:57+00:00\" \/>\n<meta property=\"og:image\" content=\"https:\/\/vilaicaba.com\/wp-content\/uploads\/2025\/11\/vila-i-caba-1-2.jpg\" \/>\n<meta name=\"twitter:card\" content=\"summary_large_image\" \/>\n<meta name=\"twitter:label1\" content=\"Tiempo de lectura\" \/>\n\t<meta name=\"twitter:data1\" content=\"3 minutos\" \/>\n<script type=\"application\/ld+json\" class=\"yoast-schema-graph\">{\"@context\":\"https:\/\/schema.org\",\"@graph\":[{\"@type\":\"WebPage\",\"@id\":\"https:\/\/vilaicaba.com\/index.php\/fr\/home-fr\/\",\"url\":\"https:\/\/vilaicaba.com\/index.php\/fr\/home-fr\/\",\"name\":\"Constructions et r\u00e9novations dans l'Empord\u00e0 : qualit\u00e9 et proximit\u00e9\",\"isPartOf\":{\"@id\":\"https:\/\/vilaicaba.com\/#website\"},\"primaryImageOfPage\":{\"@id\":\"https:\/\/vilaicaba.com\/index.php\/fr\/home-fr\/#primaryimage\"},\"image\":{\"@id\":\"https:\/\/vilaicaba.com\/index.php\/fr\/home-fr\/#primaryimage\"},\"thumbnailUrl\":\"https:\/\/vilaicaba.com\/wp-content\/uploads\/2025\/11\/vila-i-caba-1-2.jpg\",\"datePublished\":\"2025-12-16T18:08:30+00:00\",\"dateModified\":\"2025-12-16T18:12:57+00:00\",\"description\":\"Entreprise de construction et de r\u00e9novation bas\u00e9e dans l'Empord\u00e0, nous privil\u00e9gions un travail bien fait, un contact direct\",\"breadcrumb\":{\"@id\":\"https:\/\/vilaicaba.com\/index.php\/fr\/home-fr\/#breadcrumb\"},\"inLanguage\":\"es\",\"potentialAction\":[{\"@type\":\"ReadAction\",\"target\":[\"https:\/\/vilaicaba.com\/index.php\/fr\/home-fr\/\"]}]},{\"@type\":\"ImageObject\",\"inLanguage\":\"es\",\"@id\":\"https:\/\/vilaicaba.com\/index.php\/fr\/home-fr\/#primaryimage\",\"url\":\"https:\/\/vilaicaba.com\/wp-content\/uploads\/2025\/11\/vila-i-caba-1-2.jpg\",\"contentUrl\":\"https:\/\/vilaicaba.com\/wp-content\/uploads\/2025\/11\/vila-i-caba-1-2.jpg\"},{\"@type\":\"BreadcrumbList\",\"@id\":\"https:\/\/vilaicaba.com\/index.php\/fr\/home-fr\/#breadcrumb\",\"itemListElement\":[{\"@type\":\"ListItem\",\"position\":1,\"name\":\"Portada\",\"item\":\"https:\/\/vilaicaba.com\/\"},{\"@type\":\"ListItem\",\"position\":2,\"name\":\"Home\"}]},{\"@type\":\"WebSite\",\"@id\":\"https:\/\/vilaicaba.com\/#website\",\"url\":\"https:\/\/vilaicaba.com\/\",\"name\":\"Construccions Vila i Caba\",\"description\":\"\",\"potentialAction\":[{\"@type\":\"SearchAction\",\"target\":{\"@type\":\"EntryPoint\",\"urlTemplate\":\"https:\/\/vilaicaba.com\/?s={search_term_string}\"},\"query-input\":{\"@type\":\"PropertyValueSpecification\",\"valueRequired\":true,\"valueName\":\"search_term_string\"}}],\"inLanguage\":\"es\"}]}<\/script>\n<!-- \/ Yoast SEO plugin. -->","yoast_head_json":{"title":"Constructions et r\u00e9novations dans l'Empord\u00e0 : qualit\u00e9 et proximit\u00e9","description":"Entreprise de construction et de r\u00e9novation bas\u00e9e dans l'Empord\u00e0, nous privil\u00e9gions un travail bien fait, un contact direct","robots":{"index":"index","follow":"follow","max-snippet":"max-snippet:-1","max-image-preview":"max-image-preview:large","max-video-preview":"max-video-preview:-1"},"canonical":"https:\/\/vilaicaba.com\/index.php\/fr\/home-fr\/","og_locale":"es_ES","og_type":"article","og_title":"Constructions et r\u00e9novations dans l'Empord\u00e0 : qualit\u00e9 et proximit\u00e9","og_description":"Entreprise de construction et de r\u00e9novation bas\u00e9e dans l'Empord\u00e0, nous privil\u00e9gions un travail bien fait, un contact direct","og_url":"https:\/\/vilaicaba.com\/index.php\/fr\/home-fr\/","og_site_name":"Construccions Vila i Caba","article_modified_time":"2025-12-16T18:12:57+00:00","og_image":[{"url":"https:\/\/vilaicaba.com\/wp-content\/uploads\/2025\/11\/vila-i-caba-1-2.jpg","type":"","width":"","height":""}],"twitter_card":"summary_large_image","twitter_misc":{"Tiempo de lectura":"3 minutos"},"schema":{"@context":"https:\/\/schema.org","@graph":[{"@type":"WebPage","@id":"https:\/\/vilaicaba.com\/index.php\/fr\/home-fr\/","url":"https:\/\/vilaicaba.com\/index.php\/fr\/home-fr\/","name":"Constructions et r\u00e9novations dans l'Empord\u00e0 : qualit\u00e9 et proximit\u00e9","isPartOf":{"@id":"https:\/\/vilaicaba.com\/#website"},"primaryImageOfPage":{"@id":"https:\/\/vilaicaba.com\/index.php\/fr\/home-fr\/#primaryimage"},"image":{"@id":"https:\/\/vilaicaba.com\/index.php\/fr\/home-fr\/#primaryimage"},"thumbnailUrl":"https:\/\/vilaicaba.com\/wp-content\/uploads\/2025\/11\/vila-i-caba-1-2.jpg","datePublished":"2025-12-16T18:08:30+00:00","dateModified":"2025-12-16T18:12:57+00:00","description":"Entreprise de construction et de r\u00e9novation bas\u00e9e dans l'Empord\u00e0, nous privil\u00e9gions un travail bien fait, un contact direct","breadcrumb":{"@id":"https:\/\/vilaicaba.com\/index.php\/fr\/home-fr\/#breadcrumb"},"inLanguage":"es","potentialAction":[{"@type":"ReadAction","target":["https:\/\/vilaicaba.com\/index.php\/fr\/home-fr\/"]}]},{"@type":"ImageObject","inLanguage":"es","@id":"https:\/\/vilaicaba.com\/index.php\/fr\/home-fr\/#primaryimage","url":"https:\/\/vilaicaba.com\/wp-content\/uploads\/2025\/11\/vila-i-caba-1-2.jpg","contentUrl":"https:\/\/vilaicaba.com\/wp-content\/uploads\/2025\/11\/vila-i-caba-1-2.jpg"},{"@type":"BreadcrumbList","@id":"https:\/\/vilaicaba.com\/index.php\/fr\/home-fr\/#breadcrumb","itemListElement":[{"@type":"ListItem","position":1,"name":"Portada","item":"https:\/\/vilaicaba.com\/"},{"@type":"ListItem","position":2,"name":"Home"}]},{"@type":"WebSite","@id":"https:\/\/vilaicaba.com\/#website","url":"https:\/\/vilaicaba.com\/","name":"Construccions Vila i Caba","description":"","potentialAction":[{"@type":"SearchAction","target":{"@type":"EntryPoint","urlTemplate":"https:\/\/vilaicaba.com\/?s={search_term_string}"},"query-input":{"@type":"PropertyValueSpecification","valueRequired":true,"valueName":"search_term_string"}}],"inLanguage":"es"}]}},"_hostinger_reach_plugin_has_subscription_block":false,"_hostinger_reach_plugin_is_elementor":false,"_links":{"self":[{"href":"https:\/\/vilaicaba.com\/index.php\/wp-json\/wp\/v2\/pages\/559","targetHints":{"allow":["GET"]}}],"collection":[{"href":"https:\/\/vilaicaba.com\/index.php\/wp-json\/wp\/v2\/pages"}],"about":[{"href":"https:\/\/vilaicaba.com\/index.php\/wp-json\/wp\/v2\/types\/page"}],"author":[{"embeddable":true,"href":"https:\/\/vilaicaba.com\/index.php\/wp-json\/wp\/v2\/users\/1"}],"replies":[{"embeddable":true,"href":"https:\/\/vilaicaba.com\/index.php\/wp-json\/wp\/v2\/comments?post=559"}],"version-history":[{"count":6,"href":"https:\/\/vilaicaba.com\/index.php\/wp-json\/wp\/v2\/pages\/559\/revisions"}],"predecessor-version":[{"id":604,"href":"https:\/\/vilaicaba.com\/index.php\/wp-json\/wp\/v2\/pages\/559\/revisions\/604"}],"wp:attachment":[{"href":"https:\/\/vilaicaba.com\/index.php\/wp-json\/wp\/v2\/media?parent=559"}],"curies":[{"name":"wp","href":"https:\/\/api.w.org\/{rel}","templated":true}]}}