{"id":566,"date":"2025-12-16T18:13:54","date_gmt":"2025-12-16T18:13:54","guid":{"rendered":"https:\/\/vilaicaba.com\/?page_id=566"},"modified":"2025-12-16T18:14:27","modified_gmt":"2025-12-16T18:14:27","slug":"nous","status":"publish","type":"page","link":"https:\/\/vilaicaba.com\/index.php\/fr\/nous\/","title":{"rendered":"Nous"},"content":{"rendered":"\t\t<div data-elementor-type=\"wp-page\" data-elementor-id=\"566\" class=\"elementor elementor-566\" data-elementor-post-type=\"page\">\n\t\t\t\t<div class=\"elementor-element elementor-element-1073dceb e-flex e-con-boxed e-con e-parent\" data-id=\"1073dceb\" data-element_type=\"container\" data-settings=\"{&quot;background_background&quot;:&quot;classic&quot;}\">\n\t\t\t\t\t<div class=\"e-con-inner\">\n\t\t\t\t<div class=\"elementor-element elementor-element-1ff1efe5 elementor-widget__width-initial elementor-widget-mobile__width-inherit elementor-widget elementor-widget-heading\" data-id=\"1ff1efe5\" data-element_type=\"widget\" data-widget_type=\"heading.default\">\n\t\t\t\t\t<h1 class=\"elementor-heading-title elementor-size-default\">Entreprise de construction et de r\u00e9novation \u00e0 L'Empord\u00e0, forte d'exp\u00e9rience et de confiance.\n<\/h1>\t\t\t\t<\/div>\n\t\t\t\t\t<\/div>\n\t\t\t\t<\/div>\n\t\t<div class=\"elementor-element elementor-element-131245b0 e-flex e-con-boxed e-con e-parent\" data-id=\"131245b0\" data-element_type=\"container\" data-settings=\"{&quot;background_background&quot;:&quot;classic&quot;}\">\n\t\t\t\t\t<div class=\"e-con-inner\">\n\t\t<div class=\"elementor-element elementor-element-517fbb74 e-con-full e-flex e-con e-child\" data-id=\"517fbb74\" data-element_type=\"container\">\n\t\t\t\t<div class=\"elementor-element elementor-element-53d4aa0c elementor-widget elementor-widget-image\" data-id=\"53d4aa0c\" data-element_type=\"widget\" data-widget_type=\"image.default\">\n\t\t\t\t\t\t\t\t\t\t\t\t\t\t\t<img fetchpriority=\"high\" decoding=\"async\" width=\"1600\" height=\"1530\" src=\"https:\/\/vilaicaba.com\/wp-content\/uploads\/2025\/10\/WhatsApp-Image-2025-10-17-at-12.00.32-9.jpeg\" class=\"attachment-full size-full wp-image-252\" alt=\"\" srcset=\"https:\/\/vilaicaba.com\/wp-content\/uploads\/2025\/10\/WhatsApp-Image-2025-10-17-at-12.00.32-9.jpeg 1600w, https:\/\/vilaicaba.com\/wp-content\/uploads\/2025\/10\/WhatsApp-Image-2025-10-17-at-12.00.32-9-300x287.jpeg 300w, https:\/\/vilaicaba.com\/wp-content\/uploads\/2025\/10\/WhatsApp-Image-2025-10-17-at-12.00.32-9-1024x979.jpeg 1024w, https:\/\/vilaicaba.com\/wp-content\/uploads\/2025\/10\/WhatsApp-Image-2025-10-17-at-12.00.32-9-768x734.jpeg 768w, https:\/\/vilaicaba.com\/wp-content\/uploads\/2025\/10\/WhatsApp-Image-2025-10-17-at-12.00.32-9-1536x1469.jpeg 1536w\" sizes=\"(max-width: 1600px) 100vw, 1600px\" \/>\t\t\t\t\t\t\t\t\t\t\t\t\t\t\t<\/div>\n\t\t\t\t<\/div>\n\t\t<div class=\"elementor-element elementor-element-1e5b4355 e-con-full e-flex e-con e-child\" data-id=\"1e5b4355\" data-element_type=\"container\">\n\t\t\t\t<div class=\"elementor-element elementor-element-67d316cb elementor-widget elementor-widget-text-editor\" data-id=\"67d316cb\" data-element_type=\"widget\" data-widget_type=\"text-editor.default\">\n\t\t\t\t\t\t\t\t\t<p>Ce sont nos clients qui ont fait de nous une entreprise. Auparavant, ils appelaient directement Emilio et Manolo, car ils savaient que leur pr\u00e9sence sur le chantier garantissait le bon d\u00e9roulement des travaux. Ce bouche-\u00e0-oreille a propuls\u00e9 Vila i Caba et consolid\u00e9 notre r\u00e9putation de r\u00e9f\u00e9rence dans le secteur de la construction et de la r\u00e9novation dans l&#8217;Empord\u00e0.<\/p><p>Aujourd&#8217;hui, notre entreprise familiale, ancr\u00e9e dans l&#8217;Alt Empord\u00e0, r\u00e9habilite des fermes, construit des maisons individuelles et r\u00e9alise des r\u00e9novations compl\u00e8tes avec un style bien \u00e0 elle : peu de chantiers \u00e0 la fois, un suivi constant et des finitions impeccables. Cette m\u00e9thode nous permet de garantir proximit\u00e9, transparence et un v\u00e9ritable engagement aupr\u00e8s de chaque client, du d\u00e9but \u00e0 la fin du projet.<\/p><p>Notre philosophie est claire et non n\u00e9gociable : qualit\u00e9, confiance et responsabilit\u00e9 dans toutes nos constructions et r\u00e9novations dans l\u2019Empord\u00e0. Chaque projet est une nouvelle occasion de d\u00e9montrer notre engagement sans faille et notre volont\u00e9 d\u2019offrir des r\u00e9sultats qui d\u00e9passent les attentes de nos clients.<\/p>\t\t\t\t\t\t\t\t<\/div>\n\t\t\t\t<\/div>\n\t\t\t\t\t<\/div>\n\t\t\t\t<\/div>\n\t\t\t\t<\/div>\n\t\t","protected":false},"excerpt":{"rendered":"<p>Entreprise de construction et de r\u00e9novation \u00e0 L&#8217;Empord\u00e0, forte d&#8217;exp\u00e9rience et de confiance. Ce sont nos clients qui ont fait de nous une entreprise. Auparavant, ils appelaient directement Emilio et Manolo, car ils savaient que leur pr\u00e9sence sur le chantier garantissait le bon d\u00e9roulement des travaux. Ce bouche-\u00e0-oreille a propuls\u00e9 Vila i Caba et consolid\u00e9 [&hellip;]<\/p>\n","protected":false},"author":1,"featured_media":0,"parent":0,"menu_order":0,"comment_status":"closed","ping_status":"closed","template":"","meta":{"_joinchat":[],"footnotes":""},"class_list":["post-566","page","type-page","status-publish","hentry"],"yoast_head":"<!-- This site is optimized with the Yoast SEO plugin v26.6 - https:\/\/yoast.com\/wordpress\/plugins\/seo\/ -->\n<title>Empresa constructora a L\u2019Empord\u00e0 \u2013 Vila i Caba<\/title>\n<meta name=\"description\" content=\"Empresa constructora a L\u00b4Empord\u00e0 amb tracte proper i comprom\u00eds amb la qualitat. Coneix l&#039;equip i la manera de treballar que ens diferencia.\" \/>\n<meta name=\"robots\" content=\"index, follow, max-snippet:-1, max-image-preview:large, max-video-preview:-1\" \/>\n<link rel=\"canonical\" href=\"https:\/\/vilaicaba.com\/index.php\/fr\/nous\/\" \/>\n<meta property=\"og:locale\" content=\"es_ES\" \/>\n<meta property=\"og:type\" content=\"article\" \/>\n<meta property=\"og:title\" content=\"Empresa constructora a L\u2019Empord\u00e0 \u2013 Vila i Caba\" \/>\n<meta property=\"og:description\" content=\"Empresa constructora a L\u00b4Empord\u00e0 amb tracte proper i comprom\u00eds amb la qualitat. Coneix l&#039;equip i la manera de treballar que ens diferencia.\" \/>\n<meta property=\"og:url\" content=\"https:\/\/vilaicaba.com\/index.php\/fr\/nous\/\" \/>\n<meta property=\"og:site_name\" content=\"Construccions Vila i Caba\" \/>\n<meta property=\"article:modified_time\" content=\"2025-12-16T18:14:27+00:00\" \/>\n<meta property=\"og:image\" content=\"https:\/\/vilaicaba.com\/wp-content\/uploads\/2025\/10\/WhatsApp-Image-2025-10-17-at-12.00.32-9.jpeg\" \/>\n<meta name=\"twitter:card\" content=\"summary_large_image\" \/>\n<meta name=\"twitter:label1\" content=\"Tiempo de lectura\" \/>\n\t<meta name=\"twitter:data1\" content=\"1 minuto\" \/>\n<script type=\"application\/ld+json\" class=\"yoast-schema-graph\">{\"@context\":\"https:\/\/schema.org\",\"@graph\":[{\"@type\":\"WebPage\",\"@id\":\"https:\/\/vilaicaba.com\/index.php\/fr\/nous\/\",\"url\":\"https:\/\/vilaicaba.com\/index.php\/fr\/nous\/\",\"name\":\"Empresa constructora a L\u2019Empord\u00e0 \u2013 Vila i Caba\",\"isPartOf\":{\"@id\":\"https:\/\/vilaicaba.com\/#website\"},\"primaryImageOfPage\":{\"@id\":\"https:\/\/vilaicaba.com\/index.php\/fr\/nous\/#primaryimage\"},\"image\":{\"@id\":\"https:\/\/vilaicaba.com\/index.php\/fr\/nous\/#primaryimage\"},\"thumbnailUrl\":\"https:\/\/vilaicaba.com\/wp-content\/uploads\/2025\/10\/WhatsApp-Image-2025-10-17-at-12.00.32-9.jpeg\",\"datePublished\":\"2025-12-16T18:13:54+00:00\",\"dateModified\":\"2025-12-16T18:14:27+00:00\",\"description\":\"Empresa constructora a L\u00b4Empord\u00e0 amb tracte proper i comprom\u00eds amb la qualitat. Coneix l'equip i la manera de treballar que ens diferencia.\",\"breadcrumb\":{\"@id\":\"https:\/\/vilaicaba.com\/index.php\/fr\/nous\/#breadcrumb\"},\"inLanguage\":\"es\",\"potentialAction\":[{\"@type\":\"ReadAction\",\"target\":[\"https:\/\/vilaicaba.com\/index.php\/fr\/nous\/\"]}]},{\"@type\":\"ImageObject\",\"inLanguage\":\"es\",\"@id\":\"https:\/\/vilaicaba.com\/index.php\/fr\/nous\/#primaryimage\",\"url\":\"https:\/\/vilaicaba.com\/wp-content\/uploads\/2025\/10\/WhatsApp-Image-2025-10-17-at-12.00.32-9.jpeg\",\"contentUrl\":\"https:\/\/vilaicaba.com\/wp-content\/uploads\/2025\/10\/WhatsApp-Image-2025-10-17-at-12.00.32-9.jpeg\",\"width\":1600,\"height\":1530},{\"@type\":\"BreadcrumbList\",\"@id\":\"https:\/\/vilaicaba.com\/index.php\/fr\/nous\/#breadcrumb\",\"itemListElement\":[{\"@type\":\"ListItem\",\"position\":1,\"name\":\"Portada\",\"item\":\"https:\/\/vilaicaba.com\/\"},{\"@type\":\"ListItem\",\"position\":2,\"name\":\"Nous\"}]},{\"@type\":\"WebSite\",\"@id\":\"https:\/\/vilaicaba.com\/#website\",\"url\":\"https:\/\/vilaicaba.com\/\",\"name\":\"Construccions Vila i Caba\",\"description\":\"\",\"potentialAction\":[{\"@type\":\"SearchAction\",\"target\":{\"@type\":\"EntryPoint\",\"urlTemplate\":\"https:\/\/vilaicaba.com\/?s={search_term_string}\"},\"query-input\":{\"@type\":\"PropertyValueSpecification\",\"valueRequired\":true,\"valueName\":\"search_term_string\"}}],\"inLanguage\":\"es\"}]}<\/script>\n<!-- \/ Yoast SEO plugin. -->","yoast_head_json":{"title":"Empresa constructora a L\u2019Empord\u00e0 \u2013 Vila i Caba","description":"Empresa constructora a L\u00b4Empord\u00e0 amb tracte proper i comprom\u00eds amb la qualitat. Coneix l'equip i la manera de treballar que ens diferencia.","robots":{"index":"index","follow":"follow","max-snippet":"max-snippet:-1","max-image-preview":"max-image-preview:large","max-video-preview":"max-video-preview:-1"},"canonical":"https:\/\/vilaicaba.com\/index.php\/fr\/nous\/","og_locale":"es_ES","og_type":"article","og_title":"Empresa constructora a L\u2019Empord\u00e0 \u2013 Vila i Caba","og_description":"Empresa constructora a L\u00b4Empord\u00e0 amb tracte proper i comprom\u00eds amb la qualitat. Coneix l'equip i la manera de treballar que ens diferencia.","og_url":"https:\/\/vilaicaba.com\/index.php\/fr\/nous\/","og_site_name":"Construccions Vila i Caba","article_modified_time":"2025-12-16T18:14:27+00:00","og_image":[{"url":"https:\/\/vilaicaba.com\/wp-content\/uploads\/2025\/10\/WhatsApp-Image-2025-10-17-at-12.00.32-9.jpeg","type":"","width":"","height":""}],"twitter_card":"summary_large_image","twitter_misc":{"Tiempo de lectura":"1 minuto"},"schema":{"@context":"https:\/\/schema.org","@graph":[{"@type":"WebPage","@id":"https:\/\/vilaicaba.com\/index.php\/fr\/nous\/","url":"https:\/\/vilaicaba.com\/index.php\/fr\/nous\/","name":"Empresa constructora a L\u2019Empord\u00e0 \u2013 Vila i Caba","isPartOf":{"@id":"https:\/\/vilaicaba.com\/#website"},"primaryImageOfPage":{"@id":"https:\/\/vilaicaba.com\/index.php\/fr\/nous\/#primaryimage"},"image":{"@id":"https:\/\/vilaicaba.com\/index.php\/fr\/nous\/#primaryimage"},"thumbnailUrl":"https:\/\/vilaicaba.com\/wp-content\/uploads\/2025\/10\/WhatsApp-Image-2025-10-17-at-12.00.32-9.jpeg","datePublished":"2025-12-16T18:13:54+00:00","dateModified":"2025-12-16T18:14:27+00:00","description":"Empresa constructora a L\u00b4Empord\u00e0 amb tracte proper i comprom\u00eds amb la qualitat. Coneix l'equip i la manera de treballar que ens diferencia.","breadcrumb":{"@id":"https:\/\/vilaicaba.com\/index.php\/fr\/nous\/#breadcrumb"},"inLanguage":"es","potentialAction":[{"@type":"ReadAction","target":["https:\/\/vilaicaba.com\/index.php\/fr\/nous\/"]}]},{"@type":"ImageObject","inLanguage":"es","@id":"https:\/\/vilaicaba.com\/index.php\/fr\/nous\/#primaryimage","url":"https:\/\/vilaicaba.com\/wp-content\/uploads\/2025\/10\/WhatsApp-Image-2025-10-17-at-12.00.32-9.jpeg","contentUrl":"https:\/\/vilaicaba.com\/wp-content\/uploads\/2025\/10\/WhatsApp-Image-2025-10-17-at-12.00.32-9.jpeg","width":1600,"height":1530},{"@type":"BreadcrumbList","@id":"https:\/\/vilaicaba.com\/index.php\/fr\/nous\/#breadcrumb","itemListElement":[{"@type":"ListItem","position":1,"name":"Portada","item":"https:\/\/vilaicaba.com\/"},{"@type":"ListItem","position":2,"name":"Nous"}]},{"@type":"WebSite","@id":"https:\/\/vilaicaba.com\/#website","url":"https:\/\/vilaicaba.com\/","name":"Construccions Vila i Caba","description":"","potentialAction":[{"@type":"SearchAction","target":{"@type":"EntryPoint","urlTemplate":"https:\/\/vilaicaba.com\/?s={search_term_string}"},"query-input":{"@type":"PropertyValueSpecification","valueRequired":true,"valueName":"search_term_string"}}],"inLanguage":"es"}]}},"_hostinger_reach_plugin_has_subscription_block":false,"_hostinger_reach_plugin_is_elementor":false,"_links":{"self":[{"href":"https:\/\/vilaicaba.com\/index.php\/wp-json\/wp\/v2\/pages\/566","targetHints":{"allow":["GET"]}}],"collection":[{"href":"https:\/\/vilaicaba.com\/index.php\/wp-json\/wp\/v2\/pages"}],"about":[{"href":"https:\/\/vilaicaba.com\/index.php\/wp-json\/wp\/v2\/types\/page"}],"author":[{"embeddable":true,"href":"https:\/\/vilaicaba.com\/index.php\/wp-json\/wp\/v2\/users\/1"}],"replies":[{"embeddable":true,"href":"https:\/\/vilaicaba.com\/index.php\/wp-json\/wp\/v2\/comments?post=566"}],"version-history":[{"count":4,"href":"https:\/\/vilaicaba.com\/index.php\/wp-json\/wp\/v2\/pages\/566\/revisions"}],"predecessor-version":[{"id":570,"href":"https:\/\/vilaicaba.com\/index.php\/wp-json\/wp\/v2\/pages\/566\/revisions\/570"}],"wp:attachment":[{"href":"https:\/\/vilaicaba.com\/index.php\/wp-json\/wp\/v2\/media?parent=566"}],"curies":[{"name":"wp","href":"https:\/\/api.w.org\/{rel}","templated":true}]}}