{"id":576,"date":"2025-12-16T18:19:49","date_gmt":"2025-12-16T18:19:49","guid":{"rendered":"https:\/\/vilaicaba.com\/?page_id=576"},"modified":"2025-12-16T18:21:36","modified_gmt":"2025-12-16T18:21:36","slug":"contact-e","status":"publish","type":"page","link":"https:\/\/vilaicaba.com\/index.php\/en\/contact-e\/","title":{"rendered":"Contact e"},"content":{"rendered":"\t\t<div data-elementor-type=\"wp-page\" data-elementor-id=\"576\" class=\"elementor elementor-576\" data-elementor-post-type=\"page\">\n\t\t\t\t<div class=\"elementor-element elementor-element-3c834f5 e-flex e-con-boxed e-con e-parent\" data-id=\"3c834f5\" data-element_type=\"container\" data-settings=\"{&quot;background_background&quot;:&quot;classic&quot;}\">\n\t\t\t\t\t<div class=\"e-con-inner\">\n\t\t\t\t<div class=\"elementor-element elementor-element-498a174b elementor-widget__width-initial elementor-widget-mobile__width-inherit elementor-widget elementor-widget-heading\" data-id=\"498a174b\" data-element_type=\"widget\" data-widget_type=\"heading.default\">\n\t\t\t\t\t<h1 class=\"elementor-heading-title elementor-size-default\">Contact builders in L'Empord\u00e0 for your next project\n<\/h1>\t\t\t\t<\/div>\n\t\t\t\t\t<\/div>\n\t\t\t\t<\/div>\n\t\t<div class=\"elementor-element elementor-element-5b714e69 e-flex e-con-boxed e-con e-parent\" data-id=\"5b714e69\" data-element_type=\"container\">\n\t\t\t\t\t<div class=\"e-con-inner\">\n\t\t\t\t<div class=\"elementor-element elementor-element-258f836 elementor-widget elementor-widget-image\" data-id=\"258f836\" data-element_type=\"widget\" data-widget_type=\"image.default\">\n\t\t\t\t\t\t\t\t\t\t\t\t\t\t\t<img fetchpriority=\"high\" decoding=\"async\" width=\"737\" height=\"265\" src=\"https:\/\/vilaicaba.com\/wp-content\/uploads\/2025\/09\/fcc5d419-046f-4a1f-91f3-8d6eabdb8389.png\" class=\"attachment-large size-large wp-image-52\" alt=\"contacte constructors a L\u2019Empord\u00e0\" srcset=\"https:\/\/vilaicaba.com\/wp-content\/uploads\/2025\/09\/fcc5d419-046f-4a1f-91f3-8d6eabdb8389.png 737w, https:\/\/vilaicaba.com\/wp-content\/uploads\/2025\/09\/fcc5d419-046f-4a1f-91f3-8d6eabdb8389-300x108.png 300w\" sizes=\"(max-width: 737px) 100vw, 737px\" \/>\t\t\t\t\t\t\t\t\t\t\t\t\t\t\t<\/div>\n\t\t\t\t<div class=\"elementor-element elementor-element-7be78ff8 elementor-widget__width-initial elementor-widget-mobile__width-inherit elementor-widget elementor-widget-heading\" data-id=\"7be78ff8\" data-element_type=\"widget\" data-widget_type=\"heading.default\">\n\t\t\t\t\t<h2 class=\"elementor-heading-title elementor-size-default\">We are at your disposal: contact builders in L'Empord\u00e0\n<\/h2>\t\t\t\t<\/div>\n\t\t\t\t<div class=\"elementor-element elementor-element-2943b582 elementor-widget elementor-widget-text-editor\" data-id=\"2943b582\" data-element_type=\"widget\" data-widget_type=\"text-editor.default\">\n\t\t\t\t\t\t\t\t\t<p>If you are looking for trust and quality in your project, this is the right place. At Vila i Caba we offer a close and transparent service. You can find us at our headquarters in Cabanes or write to us directly to resolve any questions. Our team will assist you with speed and commitment.<\/p>\t\t\t\t\t\t\t\t<\/div>\n\t\t\t\t\t<\/div>\n\t\t\t\t<\/div>\n\t\t<div class=\"elementor-element elementor-element-2daa14b8 e-flex e-con-boxed e-con e-parent\" data-id=\"2daa14b8\" data-element_type=\"container\" data-settings=\"{&quot;background_background&quot;:&quot;classic&quot;}\">\n\t\t\t\t\t<div class=\"e-con-inner\">\n\t\t<div class=\"elementor-element elementor-element-29db1817 e-con-full e-flex e-con e-child\" data-id=\"29db1817\" data-element_type=\"container\">\n\t\t\t\t<div class=\"elementor-element elementor-element-56ad6017 elementor-widget__width-initial elementor-widget-mobile__width-inherit elementor-widget elementor-widget-heading\" data-id=\"56ad6017\" data-element_type=\"widget\" data-widget_type=\"heading.default\">\n\t\t\t\t\t<h2 class=\"elementor-heading-title elementor-size-default\">Send us the form and let's get started<\/h2>\t\t\t\t<\/div>\n\t\t\t\t<div class=\"elementor-element elementor-element-3b743abb elementor-widget elementor-widget-text-editor\" data-id=\"3b743abb\" data-element_type=\"widget\" data-widget_type=\"text-editor.default\">\n\t\t\t\t\t\t\t\t\t<p>Do you want more information or a customized quote? Fill out the form on the page and you will have the help you need. We will review each request in a personalized way and will respond to you as soon as possible. Start your project today with the trusted team at Vila i Caba.<\/p>\t\t\t\t\t\t\t\t<\/div>\n\t\t\t\t<\/div>\n\t\t<div class=\"elementor-element elementor-element-7be0381b e-con-full e-flex e-con e-child\" data-id=\"7be0381b\" data-element_type=\"container\">\n\t\t\t\t<div class=\"elementor-element elementor-element-1702b98 elementor-button-align-stretch elementor-widget elementor-widget-form\" data-id=\"1702b98\" data-element_type=\"widget\" data-settings=\"{&quot;step_next_label&quot;:&quot;Siguiente&quot;,&quot;step_previous_label&quot;:&quot;Anterior&quot;,&quot;button_width&quot;:&quot;100&quot;,&quot;step_type&quot;:&quot;number_text&quot;,&quot;step_icon_shape&quot;:&quot;circle&quot;}\" data-widget_type=\"form.default\">\n\t\t\t\t\t\t\t<form class=\"elementor-form\" method=\"post\" name=\"Nuevo formulario\">\n\t\t\t<input type=\"hidden\" name=\"post_id\" value=\"576\"\/>\n\t\t\t<input type=\"hidden\" name=\"form_id\" value=\"1702b98\"\/>\n\t\t\t<input type=\"hidden\" name=\"referer_title\" value=\"Contacte constructors a L\u2019Empord\u00e0 \u2013 Vila i Caba\" \/>\n\n\t\t\t\t\t\t\t<input type=\"hidden\" name=\"queried_id\" value=\"576\"\/>\n\t\t\t\n\t\t\t<div class=\"elementor-form-fields-wrapper elementor-labels-\">\n\t\t\t\t\t\t\t\t<div class=\"elementor-field-type-text elementor-field-group elementor-column elementor-field-group-name elementor-col-100\">\n\t\t\t\t\t\t\t\t\t\t\t\t<label for=\"form-field-name\" class=\"elementor-field-label elementor-screen-only\">\n\t\t\t\t\t\t\t\tName\t\t\t\t\t\t\t<\/label>\n\t\t\t\t\t\t\t\t\t\t\t\t\t\t<input size=\"1\" type=\"text\" name=\"form_fields[name]\" id=\"form-field-name\" class=\"elementor-field elementor-size-sm  elementor-field-textual\" placeholder=\"Name\">\n\t\t\t\t\t\t\t\t\t\t\t<\/div>\n\t\t\t\t\t\t\t\t<div class=\"elementor-field-type-email elementor-field-group elementor-column elementor-field-group-email elementor-col-100 elementor-field-required\">\n\t\t\t\t\t\t\t\t\t\t\t\t<label for=\"form-field-email\" class=\"elementor-field-label elementor-screen-only\">\n\t\t\t\t\t\t\t\tE-mail\t\t\t\t\t\t\t<\/label>\n\t\t\t\t\t\t\t\t\t\t\t\t\t\t<input size=\"1\" type=\"email\" name=\"form_fields[email]\" id=\"form-field-email\" class=\"elementor-field elementor-size-sm  elementor-field-textual\" placeholder=\"E-mail\" required=\"required\">\n\t\t\t\t\t\t\t\t\t\t\t<\/div>\n\t\t\t\t\t\t\t\t<div class=\"elementor-field-type-textarea elementor-field-group elementor-column elementor-field-group-message elementor-col-100\">\n\t\t\t\t\t\t\t\t\t\t\t\t<label for=\"form-field-message\" class=\"elementor-field-label elementor-screen-only\">\n\t\t\t\t\t\t\t\tMessage\t\t\t\t\t\t\t<\/label>\n\t\t\t\t\t\t<textarea class=\"elementor-field-textual elementor-field  elementor-size-sm\" name=\"form_fields[message]\" id=\"form-field-message\" rows=\"4\" placeholder=\"Message\"><\/textarea>\t\t\t\t<\/div>\n\t\t\t\t\t\t\t\t<div class=\"elementor-field-type-recaptcha_v3 elementor-field-group elementor-column elementor-field-group-field_ea620db elementor-col-100 recaptcha_v3-bottomright\">\n\t\t\t\t\t<div class=\"elementor-field\" id=\"form-field-field_ea620db\"><div class=\"elementor-g-recaptcha\" data-sitekey=\"6LdOrC0sAAAAAN08BOi-celG0SekXfywOGt-YYP_\" data-type=\"v3\" data-action=\"Form\" data-badge=\"bottomright\" data-size=\"invisible\"><\/div><\/div>\t\t\t\t<\/div>\n\t\t\t\t\t\t\t\t<div class=\"elementor-field-group elementor-column elementor-field-type-submit elementor-col-100 e-form__buttons\">\n\t\t\t\t\t<button class=\"elementor-button elementor-size-sm\" type=\"submit\">\n\t\t\t\t\t\t<span class=\"elementor-button-content-wrapper\">\n\t\t\t\t\t\t\t\t\t\t\t\t\t\t\t\t\t\t\t\t\t\t<span class=\"elementor-button-text\">Send<\/span>\n\t\t\t\t\t\t\t\t\t\t\t\t\t<\/span>\n\t\t\t\t\t<\/button>\n\t\t\t\t<\/div>\n\t\t\t<\/div>\n\t\t<\/form>\n\t\t\t\t\t\t<\/div>\n\t\t\t\t<\/div>\n\t\t\t\t\t<\/div>\n\t\t\t\t<\/div>\n\t\t\t\t<\/div>\n\t\t","protected":false},"excerpt":{"rendered":"<p>Contact builders in L&#8217;Empord\u00e0 for your next project We are at your disposal: contact builders in L&#8217;Empord\u00e0 If you are looking for trust and quality in your project, this is the right place. At Vila i Caba we offer a close and transparent service. You can find us at our headquarters in Cabanes or write [&hellip;]<\/p>\n","protected":false},"author":1,"featured_media":0,"parent":0,"menu_order":0,"comment_status":"closed","ping_status":"closed","template":"","meta":{"_joinchat":[],"footnotes":""},"class_list":["post-576","page","type-page","status-publish","hentry"],"yoast_head":"<!-- This site is optimized with the Yoast SEO plugin v26.6 - https:\/\/yoast.com\/wordpress\/plugins\/seo\/ -->\n<title>Contacte constructors a L\u2019Empord\u00e0 \u2013 Vila i Caba<\/title>\n<meta name=\"description\" content=\"Contacte constructors a L&#039;Empord\u00e0 per sol\u00b7licitar visita i pressupost sense comprom\u00eds. Resposta \u00e0gil per a reformes a tota la prov\u00edncia.\" \/>\n<meta name=\"robots\" content=\"index, follow, max-snippet:-1, max-image-preview:large, max-video-preview:-1\" \/>\n<link rel=\"canonical\" href=\"https:\/\/vilaicaba.com\/index.php\/en\/contact-e\/\" \/>\n<meta property=\"og:locale\" content=\"es_ES\" \/>\n<meta property=\"og:type\" content=\"article\" \/>\n<meta property=\"og:title\" content=\"Contacte constructors a L\u2019Empord\u00e0 \u2013 Vila i Caba\" \/>\n<meta property=\"og:description\" content=\"Contacte constructors a L&#039;Empord\u00e0 per sol\u00b7licitar visita i pressupost sense comprom\u00eds. Resposta \u00e0gil per a reformes a tota la prov\u00edncia.\" \/>\n<meta property=\"og:url\" content=\"https:\/\/vilaicaba.com\/index.php\/en\/contact-e\/\" \/>\n<meta property=\"og:site_name\" content=\"Construccions Vila i Caba\" \/>\n<meta property=\"article:modified_time\" content=\"2025-12-16T18:21:36+00:00\" \/>\n<meta property=\"og:image\" content=\"https:\/\/vilaicaba.com\/wp-content\/uploads\/2025\/09\/fcc5d419-046f-4a1f-91f3-8d6eabdb8389.png\" \/>\n<meta name=\"twitter:card\" content=\"summary_large_image\" \/>\n<meta name=\"twitter:label1\" content=\"Tiempo de lectura\" \/>\n\t<meta name=\"twitter:data1\" content=\"1 minuto\" \/>\n<script type=\"application\/ld+json\" class=\"yoast-schema-graph\">{\"@context\":\"https:\/\/schema.org\",\"@graph\":[{\"@type\":\"WebPage\",\"@id\":\"https:\/\/vilaicaba.com\/index.php\/en\/contact-e\/\",\"url\":\"https:\/\/vilaicaba.com\/index.php\/en\/contact-e\/\",\"name\":\"Contacte constructors a L\u2019Empord\u00e0 \u2013 Vila i Caba\",\"isPartOf\":{\"@id\":\"https:\/\/vilaicaba.com\/#website\"},\"primaryImageOfPage\":{\"@id\":\"https:\/\/vilaicaba.com\/index.php\/en\/contact-e\/#primaryimage\"},\"image\":{\"@id\":\"https:\/\/vilaicaba.com\/index.php\/en\/contact-e\/#primaryimage\"},\"thumbnailUrl\":\"https:\/\/vilaicaba.com\/wp-content\/uploads\/2025\/09\/fcc5d419-046f-4a1f-91f3-8d6eabdb8389.png\",\"datePublished\":\"2025-12-16T18:19:49+00:00\",\"dateModified\":\"2025-12-16T18:21:36+00:00\",\"description\":\"Contacte constructors a L'Empord\u00e0 per sol\u00b7licitar visita i pressupost sense comprom\u00eds. Resposta \u00e0gil per a reformes a tota la prov\u00edncia.\",\"breadcrumb\":{\"@id\":\"https:\/\/vilaicaba.com\/index.php\/en\/contact-e\/#breadcrumb\"},\"inLanguage\":\"es\",\"potentialAction\":[{\"@type\":\"ReadAction\",\"target\":[\"https:\/\/vilaicaba.com\/index.php\/en\/contact-e\/\"]}]},{\"@type\":\"ImageObject\",\"inLanguage\":\"es\",\"@id\":\"https:\/\/vilaicaba.com\/index.php\/en\/contact-e\/#primaryimage\",\"url\":\"https:\/\/vilaicaba.com\/wp-content\/uploads\/2025\/09\/fcc5d419-046f-4a1f-91f3-8d6eabdb8389.png\",\"contentUrl\":\"https:\/\/vilaicaba.com\/wp-content\/uploads\/2025\/09\/fcc5d419-046f-4a1f-91f3-8d6eabdb8389.png\",\"width\":737,\"height\":265,\"caption\":\"contacte constructors a L\u2019Empord\u00e0\"},{\"@type\":\"BreadcrumbList\",\"@id\":\"https:\/\/vilaicaba.com\/index.php\/en\/contact-e\/#breadcrumb\",\"itemListElement\":[{\"@type\":\"ListItem\",\"position\":1,\"name\":\"Portada\",\"item\":\"https:\/\/vilaicaba.com\/\"},{\"@type\":\"ListItem\",\"position\":2,\"name\":\"Contact e\"}]},{\"@type\":\"WebSite\",\"@id\":\"https:\/\/vilaicaba.com\/#website\",\"url\":\"https:\/\/vilaicaba.com\/\",\"name\":\"Construccions Vila i Caba\",\"description\":\"\",\"potentialAction\":[{\"@type\":\"SearchAction\",\"target\":{\"@type\":\"EntryPoint\",\"urlTemplate\":\"https:\/\/vilaicaba.com\/?s={search_term_string}\"},\"query-input\":{\"@type\":\"PropertyValueSpecification\",\"valueRequired\":true,\"valueName\":\"search_term_string\"}}],\"inLanguage\":\"es\"}]}<\/script>\n<!-- \/ Yoast SEO plugin. -->","yoast_head_json":{"title":"Contacte constructors a L\u2019Empord\u00e0 \u2013 Vila i Caba","description":"Contacte constructors a L'Empord\u00e0 per sol\u00b7licitar visita i pressupost sense comprom\u00eds. Resposta \u00e0gil per a reformes a tota la prov\u00edncia.","robots":{"index":"index","follow":"follow","max-snippet":"max-snippet:-1","max-image-preview":"max-image-preview:large","max-video-preview":"max-video-preview:-1"},"canonical":"https:\/\/vilaicaba.com\/index.php\/en\/contact-e\/","og_locale":"es_ES","og_type":"article","og_title":"Contacte constructors a L\u2019Empord\u00e0 \u2013 Vila i Caba","og_description":"Contacte constructors a L'Empord\u00e0 per sol\u00b7licitar visita i pressupost sense comprom\u00eds. Resposta \u00e0gil per a reformes a tota la prov\u00edncia.","og_url":"https:\/\/vilaicaba.com\/index.php\/en\/contact-e\/","og_site_name":"Construccions Vila i Caba","article_modified_time":"2025-12-16T18:21:36+00:00","og_image":[{"url":"https:\/\/vilaicaba.com\/wp-content\/uploads\/2025\/09\/fcc5d419-046f-4a1f-91f3-8d6eabdb8389.png","type":"","width":"","height":""}],"twitter_card":"summary_large_image","twitter_misc":{"Tiempo de lectura":"1 minuto"},"schema":{"@context":"https:\/\/schema.org","@graph":[{"@type":"WebPage","@id":"https:\/\/vilaicaba.com\/index.php\/en\/contact-e\/","url":"https:\/\/vilaicaba.com\/index.php\/en\/contact-e\/","name":"Contacte constructors a L\u2019Empord\u00e0 \u2013 Vila i Caba","isPartOf":{"@id":"https:\/\/vilaicaba.com\/#website"},"primaryImageOfPage":{"@id":"https:\/\/vilaicaba.com\/index.php\/en\/contact-e\/#primaryimage"},"image":{"@id":"https:\/\/vilaicaba.com\/index.php\/en\/contact-e\/#primaryimage"},"thumbnailUrl":"https:\/\/vilaicaba.com\/wp-content\/uploads\/2025\/09\/fcc5d419-046f-4a1f-91f3-8d6eabdb8389.png","datePublished":"2025-12-16T18:19:49+00:00","dateModified":"2025-12-16T18:21:36+00:00","description":"Contacte constructors a L'Empord\u00e0 per sol\u00b7licitar visita i pressupost sense comprom\u00eds. Resposta \u00e0gil per a reformes a tota la prov\u00edncia.","breadcrumb":{"@id":"https:\/\/vilaicaba.com\/index.php\/en\/contact-e\/#breadcrumb"},"inLanguage":"es","potentialAction":[{"@type":"ReadAction","target":["https:\/\/vilaicaba.com\/index.php\/en\/contact-e\/"]}]},{"@type":"ImageObject","inLanguage":"es","@id":"https:\/\/vilaicaba.com\/index.php\/en\/contact-e\/#primaryimage","url":"https:\/\/vilaicaba.com\/wp-content\/uploads\/2025\/09\/fcc5d419-046f-4a1f-91f3-8d6eabdb8389.png","contentUrl":"https:\/\/vilaicaba.com\/wp-content\/uploads\/2025\/09\/fcc5d419-046f-4a1f-91f3-8d6eabdb8389.png","width":737,"height":265,"caption":"contacte constructors a L\u2019Empord\u00e0"},{"@type":"BreadcrumbList","@id":"https:\/\/vilaicaba.com\/index.php\/en\/contact-e\/#breadcrumb","itemListElement":[{"@type":"ListItem","position":1,"name":"Portada","item":"https:\/\/vilaicaba.com\/"},{"@type":"ListItem","position":2,"name":"Contact e"}]},{"@type":"WebSite","@id":"https:\/\/vilaicaba.com\/#website","url":"https:\/\/vilaicaba.com\/","name":"Construccions Vila i Caba","description":"","potentialAction":[{"@type":"SearchAction","target":{"@type":"EntryPoint","urlTemplate":"https:\/\/vilaicaba.com\/?s={search_term_string}"},"query-input":{"@type":"PropertyValueSpecification","valueRequired":true,"valueName":"search_term_string"}}],"inLanguage":"es"}]}},"_hostinger_reach_plugin_has_subscription_block":false,"_hostinger_reach_plugin_is_elementor":false,"_links":{"self":[{"href":"https:\/\/vilaicaba.com\/index.php\/wp-json\/wp\/v2\/pages\/576","targetHints":{"allow":["GET"]}}],"collection":[{"href":"https:\/\/vilaicaba.com\/index.php\/wp-json\/wp\/v2\/pages"}],"about":[{"href":"https:\/\/vilaicaba.com\/index.php\/wp-json\/wp\/v2\/types\/page"}],"author":[{"embeddable":true,"href":"https:\/\/vilaicaba.com\/index.php\/wp-json\/wp\/v2\/users\/1"}],"replies":[{"embeddable":true,"href":"https:\/\/vilaicaba.com\/index.php\/wp-json\/wp\/v2\/comments?post=576"}],"version-history":[{"count":4,"href":"https:\/\/vilaicaba.com\/index.php\/wp-json\/wp\/v2\/pages\/576\/revisions"}],"predecessor-version":[{"id":580,"href":"https:\/\/vilaicaba.com\/index.php\/wp-json\/wp\/v2\/pages\/576\/revisions\/580"}],"wp:attachment":[{"href":"https:\/\/vilaicaba.com\/index.php\/wp-json\/wp\/v2\/media?parent=576"}],"curies":[{"name":"wp","href":"https:\/\/api.w.org\/{rel}","templated":true}]}}